{"id":2855,"date":"2023-03-19T12:06:27","date_gmt":"2023-03-19T16:06:27","guid":{"rendered":"https:\/\/tuttopavimenti.com\/?page_id=2855"},"modified":"2023-04-12T19:51:44","modified_gmt":"2023-04-12T23:51:44","slug":"privacy","status":"publish","type":"page","link":"https:\/\/tuttopavimenti.com\/es\/privacy\/","title":{"rendered":"PRIVACY"},"content":{"rendered":"<p>[et_pb_section fb_built=&#8221;1&#8243; admin_label=&#8221;Section&#8221; _builder_version=&#8221;4.20.4&#8243; _module_preset=&#8221;943ce553-691a-465a-be67-8894d2c66d41&#8243; global_colors_info=&#8221;{}&#8221;][et_pb_row admin_label=&#8221;Row&#8221; _builder_version=&#8221;4.20.4&#8243; _module_preset=&#8221;db92a00a-1514-465e-9f2c-c8be6d5cf195&#8243; global_colors_info=&#8221;{}&#8221;][et_pb_column type=&#8221;4_4&#8243; _builder_version=&#8221;4.20.4&#8243; _module_preset=&#8221;eee5c54a-0c8a-414b-baa9-b2fe429aa252&#8243; global_colors_info=&#8221;{}&#8221;][et_pb_text _builder_version=&#8221;4.20.4&#8243; _module_preset=&#8221;cfcc3118-3ec7-4f77-9bbb-05db409c49e1&#8243; text_font=&#8221;Roboto||||||||&#8221; text_text_color=&#8221;#040404&#8243; header_font=&#8221;Roboto||||||||&#8221; header_text_align=&#8221;left&#8221; header_text_color=&#8221;#040404&#8243; header_font_size=&#8221;18px&#8221; header_2_font=&#8221;Roboto||||||||&#8221; header_2_text_color=&#8221;#040404&#8243; header_4_text_align=&#8221;justify&#8221; header_4_text_color=&#8221;#040404&#8243; header_4_font_size=&#8221;14px&#8221; header_4_letter_spacing=&#8221;1px&#8221; header_4_line_height=&#8221;1.2em&#8221; text_orientation=&#8221;center&#8221; width=&#8221;100vw&#8221; max_width=&#8221;100vw&#8221; module_alignment=&#8221;center&#8221; custom_margin=&#8221;12%|10%|5%|10%|false|true&#8221; custom_padding=&#8221;10px|10%|10px|10%|true|true&#8221; hover_enabled=&#8221;0&#8243; global_colors_info=&#8221;{}&#8221; header_4_font=&#8221;Roboto||||||||&#8221; sticky_enabled=&#8221;0&#8243;]<\/p>\n<h1><b>POLITICAS DE PRIVACIDAD<\/b><\/h1>\n<p>&nbsp;<\/p>\n<h4><span style=\"font-weight: 400;\">Tutto Pavimenti ha desarrollado esta declaraci\u00f3n de privacidad con el fin de demostrar nuestro firme compromiso con su privacidad. A continuaci\u00f3n se describen las pr\u00e1cticas de recopilaci\u00f3n y difusi\u00f3n de informaci\u00f3n del conjunto de sitios web de Tutto Pavimenti. Tenga en cuenta que cuando accede a enlaces externos desde los sitios web de Tutto\u00a0Pavimenti, es posible que tengan pol\u00edticas de privacidad diferentes. Le recomendamos que lea todas las pol\u00edticas de privacidad aplicables.<\/span><\/h4>\n<p><span style=\"font-weight: 400;\"><\/span><\/p>\n<h1><b>OBTENIENDO INFORMACION<\/b><\/h1>\n<p>&nbsp;<\/p>\n<h4>Although Tutto\u00a0 Pavimenti generally does not require you to provide personal identification\u00a0information to visit and use the Tutto\u00a0 Pavimenti Websites, this information will be required\u00a0to participate in certain activities. If you choose not to provide information for these activities, you will not be able to participate in them.<\/h4>\n<p>&nbsp;<\/p>\n<h1><b>INFORMACION PERSONAL<\/b><\/h1>\n<p>&nbsp;<\/p>\n<h4>A su vez, Tutto Pavimenti puede solicitarle que proporcione informaci\u00f3n personal que es informaci\u00f3n de identificaci\u00f3n individual que proporciona en nuestros sitios web. Para poder registrarse, realizar compras y\/o participar en concursos y utilizar el sitio web de manera eficiente y segura, los usuarios deben proporcionar cierta informaci\u00f3n, incluyendo su nombre, direcci\u00f3n, cuenta de correo electr\u00f3nico, documento de identidad, sin la cual se ser\u00eda imposible prestar servicios.<\/h4>\n<h4>That is why they are required to be true and accurate. This information is used to answer queries about our products and services and\/or dispatch orders. It is also used to keep in touch with our customers. Tutto\u00a0 Pavimenti advises its clients to keep their data updated. In this way they will receive on a regular basis, offers and promotions tailored to their needs.<\/h4>\n<p>&nbsp;<\/p>\n<h1><b>REVELACI\u00d3N DE INFORMACI\u00d3N<\/b><\/h1>\n<p>&nbsp;<\/p>\n<h4>Tutto Pavimenti does not market client lists or transmit other personal information to other advertisers. Unless you have originally requested or accepted, Tutto Pavimenti will not transmit any personal information you may provide by Tutto\u00a0 Pavimenti Websites to third parties. Exceptions can be found where: (a) you have authorized it, (b) ) the law or a court order requires or permits it and \/ or (c) there are persons or companies to whom Tutto<\/h4>\n<h4>Tutto Pavimenti has contracted to manage the internal operations of the Websites or our company (for example: To send you a promotional item you requested on the Websites). By registering on the website and forming part of the general customer database, users accept that Tutto\u00a0 Pavimenti Communicate with them by postal, telephone or electronic mail to send information that the company considers, in its sole discretion, that may be of interest to them, including advertising and information on offers and promotions. In case users do not wish to be contacted for these purposes, they will be able to show clearly to Tutto\u00a0 Pavimenti who will proceed to interrupt this type of communications in the shortest possible time. Tutto\u00a0 Pavimenti does not solicit data from its customers, either by telephone or via e-mail. If there is a contact, the purpose will be to conduct a survey of satisfaction or communicate some promotion or special benefit.<\/h4>\n<p>[\/et_pb_text][\/et_pb_column][\/et_pb_row][\/et_pb_section]<\/p>","protected":false},"excerpt":{"rendered":"<p>PRIVACY POLICIES &nbsp; Tutto\u00a0 Pavimenti has developed this privacy statement for the purpose of demonstrating our firm commitment to your privacy. The information gathering and dissemination practices of the set of Tutto Pavimenti websites are described below. Please note that when you access any external links from the Tutto\u00a0 Pavimenti websites may have different privacy [&hellip;]<\/p>","protected":false},"author":1,"featured_media":0,"parent":0,"menu_order":0,"comment_status":"closed","ping_status":"closed","template":"","meta":{"_et_pb_use_builder":"on","_et_pb_old_content":"","_et_gb_content_width":"","_monsterinsights_skip_tracking":false,"_monsterinsights_sitenote_active":false,"_monsterinsights_sitenote_note":"","_monsterinsights_sitenote_category":0,"footnotes":""},"class_list":["post-2855","page","type-page","status-publish","hentry"],"aioseo_notices":[],"jetpack_sharing_enabled":true,"_links":{"self":[{"href":"https:\/\/tuttopavimenti.com\/es\/wp-json\/wp\/v2\/pages\/2855","targetHints":{"allow":["GET"]}}],"collection":[{"href":"https:\/\/tuttopavimenti.com\/es\/wp-json\/wp\/v2\/pages"}],"about":[{"href":"https:\/\/tuttopavimenti.com\/es\/wp-json\/wp\/v2\/types\/page"}],"author":[{"embeddable":true,"href":"https:\/\/tuttopavimenti.com\/es\/wp-json\/wp\/v2\/users\/1"}],"replies":[{"embeddable":true,"href":"https:\/\/tuttopavimenti.com\/es\/wp-json\/wp\/v2\/comments?post=2855"}],"version-history":[{"count":0,"href":"https:\/\/tuttopavimenti.com\/es\/wp-json\/wp\/v2\/pages\/2855\/revisions"}],"wp:attachment":[{"href":"https:\/\/tuttopavimenti.com\/es\/wp-json\/wp\/v2\/media?parent=2855"}],"curies":[{"name":"wp","href":"https:\/\/api.w.org\/{rel}","templated":true}]}}